{"id":987,"date":"2021-04-12T12:29:45","date_gmt":"2021-04-12T10:29:45","guid":{"rendered":"https:\/\/sdf.sk\/?page_id=987"},"modified":"2021-04-12T12:44:58","modified_gmt":"2021-04-12T10:44:58","slug":"cestovatelske-vecery","status":"publish","type":"page","link":"https:\/\/sdf.sk\/sk\/cestovatelske-vecery\/","title":{"rendered":"Ve\u010dery o cestovan\u00ed"},"content":{"rendered":"","protected":false},"excerpt":{"rendered":"","protected":false},"author":2,"featured_media":0,"parent":0,"menu_order":0,"comment_status":"closed","ping_status":"closed","template":"","meta":{"footnotes":""},"class_list":["post-987","page","type-page","status-publish","hentry"],"yoast_head":"<!-- This site is optimized with the Yoast SEO Premium plugin v18.1 (Yoast SEO v22.5) - https:\/\/yoast.com\/wordpress\/plugins\/seo\/ -->\n<title>Ve\u010dery o cestovan\u00ed - Sny Dovolenky Financie<\/title>\n<meta name=\"robots\" content=\"noindex, follow, max-snippet:-1, max-image-preview:large, max-video-preview:-1\" \/>\n<meta property=\"og:locale\" content=\"sk_SK\" \/>\n<meta property=\"og:type\" content=\"article\" \/>\n<meta property=\"og:title\" content=\"Ve\u010dery o cestovan\u00ed\" \/>\n<meta property=\"og:url\" content=\"https:\/\/sdf.sk\/sk\/cestovatelske-vecery\/\" \/>\n<meta property=\"og:site_name\" content=\"Sny Dovolenky Financie\" \/>\n<meta property=\"article:modified_time\" content=\"2021-04-12T10:44:58+00:00\" \/>\n<meta property=\"og:image\" content=\"https:\/\/sdf.sk\/wp-content\/uploads\/2021\/03\/SDF_FB1.png\" \/>\n\t<meta property=\"og:image:width\" content=\"1500\" \/>\n\t<meta property=\"og:image:height\" content=\"902\" \/>\n\t<meta property=\"og:image:type\" content=\"image\/png\" \/>\n<meta name=\"twitter:card\" content=\"summary_large_image\" \/>\n<script type=\"application\/ld+json\" class=\"yoast-schema-graph\">{\"@context\":\"https:\/\/schema.org\",\"@graph\":[{\"@type\":\"WebPage\",\"@id\":\"https:\/\/sdf.sk\/cs\/cestovatelske-vecery\/\",\"url\":\"https:\/\/sdf.sk\/cs\/cestovatelske-vecery\/\",\"name\":\"Ve\u010dery o cestovan\u00ed - Sny Dovolenky Financie\",\"isPartOf\":{\"@id\":\"https:\/\/sdf.sk\/sk\/#website\"},\"datePublished\":\"2021-04-12T10:29:45+00:00\",\"dateModified\":\"2021-04-12T10:44:58+00:00\",\"breadcrumb\":{\"@id\":\"https:\/\/sdf.sk\/cs\/cestovatelske-vecery\/#breadcrumb\"},\"inLanguage\":\"sk-SK\",\"potentialAction\":[{\"@type\":\"ReadAction\",\"target\":[\"https:\/\/sdf.sk\/cs\/cestovatelske-vecery\/\"]}]},{\"@type\":\"BreadcrumbList\",\"@id\":\"https:\/\/sdf.sk\/cs\/cestovatelske-vecery\/#breadcrumb\",\"itemListElement\":[{\"@type\":\"ListItem\",\"position\":1,\"name\":\"Domovsk\u00e1 str\u00e1nka\",\"item\":\"https:\/\/sdf.sk\/\"},{\"@type\":\"ListItem\",\"position\":2,\"name\":\"Ve\u010dery o cestovan\u00ed\"}]},{\"@type\":\"WebSite\",\"@id\":\"https:\/\/sdf.sk\/sk\/#website\",\"url\":\"https:\/\/sdf.sk\/sk\/\",\"name\":\"Sny Dovolenky Financie\",\"description\":\"Napl\u0148 svoje sny o dovolenke a nepla\u0165 ve\u013ea!\",\"publisher\":{\"@id\":\"https:\/\/sdf.sk\/sk\/#\/schema\/person\/52e5f5356a549b363ae1fef473f509bd\"},\"potentialAction\":[{\"@type\":\"SearchAction\",\"target\":{\"@type\":\"EntryPoint\",\"urlTemplate\":\"https:\/\/sdf.sk\/sk\/?s={search_term_string}\"},\"query-input\":\"required name=search_term_string\"}],\"inLanguage\":\"sk-SK\"},{\"@type\":[\"Person\",\"Organization\"],\"@id\":\"https:\/\/sdf.sk\/sk\/#\/schema\/person\/52e5f5356a549b363ae1fef473f509bd\",\"name\":\"BoNco Polo\",\"image\":{\"@type\":\"ImageObject\",\"inLanguage\":\"sk-SK\",\"@id\":\"https:\/\/sdf.sk\/sk\/#\/schema\/person\/image\/\",\"url\":\"https:\/\/sdf.sk\/wp-content\/uploads\/2021\/03\/Autor_300.jpg\",\"contentUrl\":\"https:\/\/sdf.sk\/wp-content\/uploads\/2021\/03\/Autor_300.jpg\",\"width\":300,\"height\":300,\"caption\":\"BoNco Polo\"},\"logo\":{\"@id\":\"https:\/\/sdf.sk\/sk\/#\/schema\/person\/image\/\"},\"sameAs\":[\"http:\/\/www.sdf.sk\"]}]}<\/script>\n<!-- \/ Yoast SEO Premium plugin. -->","yoast_head_json":{"title":"Ve\u010dery o cestovan\u00ed - Sny Dovolenky Financie","robots":{"index":"noindex","follow":"follow","max-snippet":"max-snippet:-1","max-image-preview":"max-image-preview:large","max-video-preview":"max-video-preview:-1"},"og_locale":"sk_SK","og_type":"article","og_title":"Ve\u010dery o cestovan\u00ed","og_url":"https:\/\/sdf.sk\/sk\/cestovatelske-vecery\/","og_site_name":"Sny Dovolenky Financie","article_modified_time":"2021-04-12T10:44:58+00:00","og_image":[{"width":1500,"height":902,"url":"https:\/\/sdf.sk\/wp-content\/uploads\/2021\/03\/SDF_FB1.png","type":"image\/png"}],"twitter_card":"summary_large_image","schema":{"@context":"https:\/\/schema.org","@graph":[{"@type":"WebPage","@id":"https:\/\/sdf.sk\/cs\/cestovatelske-vecery\/","url":"https:\/\/sdf.sk\/cs\/cestovatelske-vecery\/","name":"Ve\u010dery o cestovan\u00ed - Sny Dovolenky Financie","isPartOf":{"@id":"https:\/\/sdf.sk\/sk\/#website"},"datePublished":"2021-04-12T10:29:45+00:00","dateModified":"2021-04-12T10:44:58+00:00","breadcrumb":{"@id":"https:\/\/sdf.sk\/cs\/cestovatelske-vecery\/#breadcrumb"},"inLanguage":"sk-SK","potentialAction":[{"@type":"ReadAction","target":["https:\/\/sdf.sk\/cs\/cestovatelske-vecery\/"]}]},{"@type":"BreadcrumbList","@id":"https:\/\/sdf.sk\/cs\/cestovatelske-vecery\/#breadcrumb","itemListElement":[{"@type":"ListItem","position":1,"name":"Domovsk\u00e1 str\u00e1nka","item":"https:\/\/sdf.sk\/"},{"@type":"ListItem","position":2,"name":"Ve\u010dery o cestovan\u00ed"}]},{"@type":"WebSite","@id":"https:\/\/sdf.sk\/sk\/#website","url":"https:\/\/sdf.sk\/sk\/","name":"Sny Dovolenky Financie","description":"Napl\u0148 svoje sny o dovolenke a nepla\u0165 ve\u013ea!","publisher":{"@id":"https:\/\/sdf.sk\/sk\/#\/schema\/person\/52e5f5356a549b363ae1fef473f509bd"},"potentialAction":[{"@type":"SearchAction","target":{"@type":"EntryPoint","urlTemplate":"https:\/\/sdf.sk\/sk\/?s={search_term_string}"},"query-input":"required name=search_term_string"}],"inLanguage":"sk-SK"},{"@type":["Person","Organization"],"@id":"https:\/\/sdf.sk\/sk\/#\/schema\/person\/52e5f5356a549b363ae1fef473f509bd","name":"BoNco Polo","image":{"@type":"ImageObject","inLanguage":"sk-SK","@id":"https:\/\/sdf.sk\/sk\/#\/schema\/person\/image\/","url":"https:\/\/sdf.sk\/wp-content\/uploads\/2021\/03\/Autor_300.jpg","contentUrl":"https:\/\/sdf.sk\/wp-content\/uploads\/2021\/03\/Autor_300.jpg","width":300,"height":300,"caption":"BoNco Polo"},"logo":{"@id":"https:\/\/sdf.sk\/sk\/#\/schema\/person\/image\/"},"sameAs":["http:\/\/www.sdf.sk"]}]}},"_links":{"self":[{"href":"https:\/\/sdf.sk\/sk\/wp-json\/wp\/v2\/pages\/987","targetHints":{"allow":["GET"]}}],"collection":[{"href":"https:\/\/sdf.sk\/sk\/wp-json\/wp\/v2\/pages"}],"about":[{"href":"https:\/\/sdf.sk\/sk\/wp-json\/wp\/v2\/types\/page"}],"author":[{"embeddable":true,"href":"https:\/\/sdf.sk\/sk\/wp-json\/wp\/v2\/users\/2"}],"replies":[{"embeddable":true,"href":"https:\/\/sdf.sk\/sk\/wp-json\/wp\/v2\/comments?post=987"}],"version-history":[{"count":3,"href":"https:\/\/sdf.sk\/sk\/wp-json\/wp\/v2\/pages\/987\/revisions"}],"predecessor-version":[{"id":999,"href":"https:\/\/sdf.sk\/sk\/wp-json\/wp\/v2\/pages\/987\/revisions\/999"}],"wp:attachment":[{"href":"https:\/\/sdf.sk\/sk\/wp-json\/wp\/v2\/media?parent=987"}],"curies":[{"name":"wp","href":"https:\/\/api.w.org\/{rel}","templated":true}]}}