{"id":896,"date":"2021-03-22T14:58:20","date_gmt":"2021-03-22T13:58:20","guid":{"rendered":"https:\/\/sdf.sk\/?page_id=896"},"modified":"2021-04-19T10:48:24","modified_gmt":"2021-04-19T08:48:24","slug":"skusobna-stranka","status":"publish","type":"page","link":"https:\/\/sdf.sk\/sk\/skusobna-stranka\/","title":{"rendered":"Portr\u00e9ty"},"content":{"rendered":"\n<p class=\"has-text-align-center\" style=\"font-size:27px\">Street Photos<\/p>\n\n\n\n<pre class=\"wp-block-preformatted has-normal-font-size\"><\/pre>\n\n\n\n<p><\/p>\n\n\n\n<figure class=\"wp-block-gallery columns-3 is-cropped wp-block-gallery-1 is-layout-flex wp-block-gallery-is-layout-flex\"><ul class=\"blocks-gallery-grid\"><li class=\"blocks-gallery-item\"><figure><img loading=\"lazy\" decoding=\"async\" width=\"380\" height=\"507\" src=\"https:\/\/sdf.sk\/wp-content\/uploads\/2021\/03\/Ameria_cat-1.jpg\" alt=\"\" data-id=\"904\" data-full-url=\"https:\/\/sdf.sk\/wp-content\/uploads\/2021\/03\/Ameria_cat-1.jpg\" data-link=\"https:\/\/sdf.sk\/skusobna-stranka\/ameria_cat-1\/\" class=\"wp-image-904\" srcset=\"https:\/\/sdf.sk\/wp-content\/uploads\/2021\/03\/Ameria_cat-1.jpg 380w, https:\/\/sdf.sk\/wp-content\/uploads\/2021\/03\/Ameria_cat-1-225x300.jpg 225w, https:\/\/sdf.sk\/wp-content\/uploads\/2021\/03\/Ameria_cat-1-247x330.jpg 247w, https:\/\/sdf.sk\/wp-content\/uploads\/2021\/03\/Ameria_cat-1-278x371.jpg 278w\" sizes=\"auto, (max-width: 380px) 100vw, 380px\" \/><\/figure><\/li><li class=\"blocks-gallery-item\"><figure><img loading=\"lazy\" decoding=\"async\" width=\"380\" height=\"506\" src=\"https:\/\/sdf.sk\/wp-content\/uploads\/2021\/03\/Europa_cat-1.jpg\" alt=\"\" data-id=\"906\" data-full-url=\"https:\/\/sdf.sk\/wp-content\/uploads\/2021\/03\/Europa_cat-1.jpg\" data-link=\"https:\/\/sdf.sk\/skusobna-stranka\/europa_cat-1\/\" class=\"wp-image-906\" srcset=\"https:\/\/sdf.sk\/wp-content\/uploads\/2021\/03\/Europa_cat-1.jpg 380w, https:\/\/sdf.sk\/wp-content\/uploads\/2021\/03\/Europa_cat-1-225x300.jpg 225w, https:\/\/sdf.sk\/wp-content\/uploads\/2021\/03\/Europa_cat-1-247x330.jpg 247w, https:\/\/sdf.sk\/wp-content\/uploads\/2021\/03\/Europa_cat-1-278x371.jpg 278w\" sizes=\"auto, (max-width: 380px) 100vw, 380px\" \/><\/figure><\/li><li class=\"blocks-gallery-item\"><figure><img loading=\"lazy\" decoding=\"async\" width=\"380\" height=\"507\" src=\"https:\/\/sdf.sk\/wp-content\/uploads\/2021\/03\/Fotime_cat-1.jpg\" alt=\"\" data-id=\"908\" data-full-url=\"https:\/\/sdf.sk\/wp-content\/uploads\/2021\/03\/Fotime_cat-1.jpg\" data-link=\"https:\/\/sdf.sk\/skusobna-stranka\/fotime_cat-1\/\" class=\"wp-image-908\" srcset=\"https:\/\/sdf.sk\/wp-content\/uploads\/2021\/03\/Fotime_cat-1.jpg 380w, https:\/\/sdf.sk\/wp-content\/uploads\/2021\/03\/Fotime_cat-1-225x300.jpg 225w, https:\/\/sdf.sk\/wp-content\/uploads\/2021\/03\/Fotime_cat-1-247x330.jpg 247w, https:\/\/sdf.sk\/wp-content\/uploads\/2021\/03\/Fotime_cat-1-278x371.jpg 278w\" sizes=\"auto, (max-width: 380px) 100vw, 380px\" \/><\/figure><\/li><\/ul><\/figure>\n","protected":false},"excerpt":{"rendered":"<p>Street Photos<\/p>\n","protected":false},"author":1,"featured_media":842,"parent":0,"menu_order":0,"comment_status":"closed","ping_status":"closed","template":"template-blank.php","meta":{"footnotes":""},"class_list":["post-896","page","type-page","status-publish","has-post-thumbnail","hentry"],"yoast_head":"<!-- This site is optimized with the Yoast SEO Premium plugin v18.1 (Yoast SEO v22.5) - https:\/\/yoast.com\/wordpress\/plugins\/seo\/ -->\n<title>Portr\u00e9ty - Sny Dovolenky Financie<\/title>\n<meta name=\"robots\" content=\"noindex, follow, max-snippet:-1, max-image-preview:large, max-video-preview:-1\" \/>\n<meta property=\"og:locale\" content=\"sk_SK\" \/>\n<meta property=\"og:type\" content=\"article\" \/>\n<meta property=\"og:title\" content=\"Portr\u00e9ty\" \/>\n<meta property=\"og:description\" content=\"Street Photos\" \/>\n<meta property=\"og:url\" content=\"https:\/\/sdf.sk\/sk\/skusobna-stranka\/\" \/>\n<meta property=\"og:site_name\" content=\"Sny Dovolenky Financie\" \/>\n<meta property=\"article:modified_time\" content=\"2021-04-19T08:48:24+00:00\" \/>\n<meta property=\"og:image\" content=\"https:\/\/sdf.sk\/wp-content\/uploads\/2021\/03\/SDF-cover4.jpg\" \/>\n\t<meta property=\"og:image:width\" content=\"1216\" \/>\n\t<meta property=\"og:image:height\" content=\"434\" \/>\n\t<meta property=\"og:image:type\" content=\"image\/jpeg\" \/>\n<meta name=\"twitter:card\" content=\"summary_large_image\" \/>\n<meta name=\"twitter:label1\" content=\"Predpokladan\u00fd \u010das \u010d\u00edtania\" \/>\n\t<meta name=\"twitter:data1\" content=\"1 min\u00fata\" \/>\n<script type=\"application\/ld+json\" class=\"yoast-schema-graph\">{\"@context\":\"https:\/\/schema.org\",\"@graph\":[{\"@type\":\"WebPage\",\"@id\":\"https:\/\/sdf.sk\/cs\/skusobna-stranka\/\",\"url\":\"https:\/\/sdf.sk\/cs\/skusobna-stranka\/\",\"name\":\"Portr\u00e9ty - Sny Dovolenky Financie\",\"isPartOf\":{\"@id\":\"https:\/\/sdf.sk\/sk\/#website\"},\"primaryImageOfPage\":{\"@id\":\"https:\/\/sdf.sk\/cs\/skusobna-stranka\/#primaryimage\"},\"image\":{\"@id\":\"https:\/\/sdf.sk\/cs\/skusobna-stranka\/#primaryimage\"},\"thumbnailUrl\":\"https:\/\/sdf.sk\/wp-content\/uploads\/2021\/03\/SDF-cover4.jpg\",\"datePublished\":\"2021-03-22T13:58:20+00:00\",\"dateModified\":\"2021-04-19T08:48:24+00:00\",\"breadcrumb\":{\"@id\":\"https:\/\/sdf.sk\/cs\/skusobna-stranka\/#breadcrumb\"},\"inLanguage\":\"sk-SK\",\"potentialAction\":[{\"@type\":\"ReadAction\",\"target\":[\"https:\/\/sdf.sk\/cs\/skusobna-stranka\/\"]}]},{\"@type\":\"ImageObject\",\"inLanguage\":\"sk-SK\",\"@id\":\"https:\/\/sdf.sk\/cs\/skusobna-stranka\/#primaryimage\",\"url\":\"https:\/\/sdf.sk\/wp-content\/uploads\/2021\/03\/SDF-cover4.jpg\",\"contentUrl\":\"https:\/\/sdf.sk\/wp-content\/uploads\/2021\/03\/SDF-cover4.jpg\",\"width\":1216,\"height\":434},{\"@type\":\"BreadcrumbList\",\"@id\":\"https:\/\/sdf.sk\/cs\/skusobna-stranka\/#breadcrumb\",\"itemListElement\":[{\"@type\":\"ListItem\",\"position\":1,\"name\":\"Domovsk\u00e1 str\u00e1nka\",\"item\":\"https:\/\/sdf.sk\/\"},{\"@type\":\"ListItem\",\"position\":2,\"name\":\"Portr\u00e9ty\"}]},{\"@type\":\"WebSite\",\"@id\":\"https:\/\/sdf.sk\/sk\/#website\",\"url\":\"https:\/\/sdf.sk\/sk\/\",\"name\":\"Sny Dovolenky Financie\",\"description\":\"Napl\u0148 svoje sny o dovolenke a nepla\u0165 ve\u013ea!\",\"publisher\":{\"@id\":\"https:\/\/sdf.sk\/sk\/#\/schema\/person\/52e5f5356a549b363ae1fef473f509bd\"},\"potentialAction\":[{\"@type\":\"SearchAction\",\"target\":{\"@type\":\"EntryPoint\",\"urlTemplate\":\"https:\/\/sdf.sk\/sk\/?s={search_term_string}\"},\"query-input\":\"required name=search_term_string\"}],\"inLanguage\":\"sk-SK\"},{\"@type\":[\"Person\",\"Organization\"],\"@id\":\"https:\/\/sdf.sk\/sk\/#\/schema\/person\/52e5f5356a549b363ae1fef473f509bd\",\"name\":\"BoNco Polo\",\"image\":{\"@type\":\"ImageObject\",\"inLanguage\":\"sk-SK\",\"@id\":\"https:\/\/sdf.sk\/sk\/#\/schema\/person\/image\/\",\"url\":\"https:\/\/sdf.sk\/wp-content\/uploads\/2021\/03\/Autor_300.jpg\",\"contentUrl\":\"https:\/\/sdf.sk\/wp-content\/uploads\/2021\/03\/Autor_300.jpg\",\"width\":300,\"height\":300,\"caption\":\"BoNco Polo\"},\"logo\":{\"@id\":\"https:\/\/sdf.sk\/sk\/#\/schema\/person\/image\/\"},\"sameAs\":[\"http:\/\/www.sdf.sk\"]}]}<\/script>\n<!-- \/ Yoast SEO Premium plugin. -->","yoast_head_json":{"title":"Portr\u00e9ty - Sny Dovolenky Financie","robots":{"index":"noindex","follow":"follow","max-snippet":"max-snippet:-1","max-image-preview":"max-image-preview:large","max-video-preview":"max-video-preview:-1"},"og_locale":"sk_SK","og_type":"article","og_title":"Portr\u00e9ty","og_description":"Street Photos","og_url":"https:\/\/sdf.sk\/sk\/skusobna-stranka\/","og_site_name":"Sny Dovolenky Financie","article_modified_time":"2021-04-19T08:48:24+00:00","og_image":[{"width":1216,"height":434,"url":"https:\/\/sdf.sk\/wp-content\/uploads\/2021\/03\/SDF-cover4.jpg","type":"image\/jpeg"}],"twitter_card":"summary_large_image","twitter_misc":{"Predpokladan\u00fd \u010das \u010d\u00edtania":"1 min\u00fata"},"schema":{"@context":"https:\/\/schema.org","@graph":[{"@type":"WebPage","@id":"https:\/\/sdf.sk\/cs\/skusobna-stranka\/","url":"https:\/\/sdf.sk\/cs\/skusobna-stranka\/","name":"Portr\u00e9ty - Sny Dovolenky Financie","isPartOf":{"@id":"https:\/\/sdf.sk\/sk\/#website"},"primaryImageOfPage":{"@id":"https:\/\/sdf.sk\/cs\/skusobna-stranka\/#primaryimage"},"image":{"@id":"https:\/\/sdf.sk\/cs\/skusobna-stranka\/#primaryimage"},"thumbnailUrl":"https:\/\/sdf.sk\/wp-content\/uploads\/2021\/03\/SDF-cover4.jpg","datePublished":"2021-03-22T13:58:20+00:00","dateModified":"2021-04-19T08:48:24+00:00","breadcrumb":{"@id":"https:\/\/sdf.sk\/cs\/skusobna-stranka\/#breadcrumb"},"inLanguage":"sk-SK","potentialAction":[{"@type":"ReadAction","target":["https:\/\/sdf.sk\/cs\/skusobna-stranka\/"]}]},{"@type":"ImageObject","inLanguage":"sk-SK","@id":"https:\/\/sdf.sk\/cs\/skusobna-stranka\/#primaryimage","url":"https:\/\/sdf.sk\/wp-content\/uploads\/2021\/03\/SDF-cover4.jpg","contentUrl":"https:\/\/sdf.sk\/wp-content\/uploads\/2021\/03\/SDF-cover4.jpg","width":1216,"height":434},{"@type":"BreadcrumbList","@id":"https:\/\/sdf.sk\/cs\/skusobna-stranka\/#breadcrumb","itemListElement":[{"@type":"ListItem","position":1,"name":"Domovsk\u00e1 str\u00e1nka","item":"https:\/\/sdf.sk\/"},{"@type":"ListItem","position":2,"name":"Portr\u00e9ty"}]},{"@type":"WebSite","@id":"https:\/\/sdf.sk\/sk\/#website","url":"https:\/\/sdf.sk\/sk\/","name":"Sny Dovolenky Financie","description":"Napl\u0148 svoje sny o dovolenke a nepla\u0165 ve\u013ea!","publisher":{"@id":"https:\/\/sdf.sk\/sk\/#\/schema\/person\/52e5f5356a549b363ae1fef473f509bd"},"potentialAction":[{"@type":"SearchAction","target":{"@type":"EntryPoint","urlTemplate":"https:\/\/sdf.sk\/sk\/?s={search_term_string}"},"query-input":"required name=search_term_string"}],"inLanguage":"sk-SK"},{"@type":["Person","Organization"],"@id":"https:\/\/sdf.sk\/sk\/#\/schema\/person\/52e5f5356a549b363ae1fef473f509bd","name":"BoNco Polo","image":{"@type":"ImageObject","inLanguage":"sk-SK","@id":"https:\/\/sdf.sk\/sk\/#\/schema\/person\/image\/","url":"https:\/\/sdf.sk\/wp-content\/uploads\/2021\/03\/Autor_300.jpg","contentUrl":"https:\/\/sdf.sk\/wp-content\/uploads\/2021\/03\/Autor_300.jpg","width":300,"height":300,"caption":"BoNco Polo"},"logo":{"@id":"https:\/\/sdf.sk\/sk\/#\/schema\/person\/image\/"},"sameAs":["http:\/\/www.sdf.sk"]}]}},"_links":{"self":[{"href":"https:\/\/sdf.sk\/sk\/wp-json\/wp\/v2\/pages\/896","targetHints":{"allow":["GET"]}}],"collection":[{"href":"https:\/\/sdf.sk\/sk\/wp-json\/wp\/v2\/pages"}],"about":[{"href":"https:\/\/sdf.sk\/sk\/wp-json\/wp\/v2\/types\/page"}],"author":[{"embeddable":true,"href":"https:\/\/sdf.sk\/sk\/wp-json\/wp\/v2\/users\/1"}],"replies":[{"embeddable":true,"href":"https:\/\/sdf.sk\/sk\/wp-json\/wp\/v2\/comments?post=896"}],"version-history":[{"count":7,"href":"https:\/\/sdf.sk\/sk\/wp-json\/wp\/v2\/pages\/896\/revisions"}],"predecessor-version":[{"id":1027,"href":"https:\/\/sdf.sk\/sk\/wp-json\/wp\/v2\/pages\/896\/revisions\/1027"}],"wp:featuredmedia":[{"embeddable":true,"href":"https:\/\/sdf.sk\/sk\/wp-json\/wp\/v2\/media\/842"}],"wp:attachment":[{"href":"https:\/\/sdf.sk\/sk\/wp-json\/wp\/v2\/media?parent=896"}],"curies":[{"name":"wp","href":"https:\/\/api.w.org\/{rel}","templated":true}]}}