{"id":195,"date":"2018-03-06T12:36:12","date_gmt":"2018-03-06T12:36:12","guid":{"rendered":"https:\/\/demo.mekshq.com\/trawell\/dc\/?page_id=195"},"modified":"2022-04-22T08:33:09","modified_gmt":"2022-04-22T06:33:09","slug":"sny-dovolenky-financie","status":"publish","type":"page","link":"https:\/\/sdf.sk\/sk\/","title":{"rendered":"Home"},"content":{"rendered":"","protected":false},"excerpt":{"rendered":"","protected":false},"author":2,"featured_media":0,"parent":0,"menu_order":0,"comment_status":"closed","ping_status":"closed","template":"","meta":{"footnotes":""},"class_list":["post-195","page","type-page","status-publish","hentry"],"yoast_head":"<!-- This site is optimized with the Yoast SEO Premium plugin v18.1 (Yoast SEO v22.5) - https:\/\/yoast.com\/wordpress\/plugins\/seo\/ -->\n<title>Home - Sny Dovolenky Financie - nev\u00e1hajte a pre\u010d\u00edtajte si viac!<\/title>\n<meta name=\"description\" content=\"Napl\u0148 svoje sny o dovolenke a nepla\u0165 ve\u013ea! \u010c\u00edtaj, ako si spr\u00e1vne napl\u00e1nova\u0165 dovolenku, ma\u0165 mnoho z\u00e1\u017eitkov a zisti ako u\u0161etr\u00ed\u0161 svoje peniaze!\" \/>\n<meta name=\"robots\" content=\"noindex, follow, max-snippet:-1, max-image-preview:large, max-video-preview:-1\" \/>\n<meta property=\"og:locale\" content=\"sk_SK\" \/>\n<meta property=\"og:type\" content=\"article\" \/>\n<meta property=\"og:title\" content=\"Home\" \/>\n<meta property=\"og:description\" content=\"Napl\u0148 svoje sny o dovolenke a nepla\u0165 ve\u013ea! \u010c\u00edtaj, ako si spr\u00e1vne napl\u00e1nova\u0165 dovolenku, ma\u0165 mnoho z\u00e1\u017eitkov a zisti ako u\u0161etr\u00ed\u0161 svoje peniaze!\" \/>\n<meta property=\"og:url\" content=\"https:\/\/sdf.sk\/sk\/\" \/>\n<meta property=\"og:site_name\" content=\"Sny Dovolenky Financie\" \/>\n<meta property=\"article:modified_time\" content=\"2022-04-22T06:33:09+00:00\" \/>\n<meta property=\"og:image\" content=\"https:\/\/sdf.sk\/wp-content\/uploads\/2021\/03\/SDF_FB1.png\" \/>\n\t<meta property=\"og:image:width\" content=\"1500\" \/>\n\t<meta property=\"og:image:height\" content=\"902\" \/>\n\t<meta property=\"og:image:type\" content=\"image\/png\" \/>\n<meta name=\"twitter:card\" content=\"summary_large_image\" \/>\n<script type=\"application\/ld+json\" class=\"yoast-schema-graph\">{\"@context\":\"https:\/\/schema.org\",\"@graph\":[{\"@type\":\"WebPage\",\"@id\":\"https:\/\/sdf.sk\/\",\"url\":\"https:\/\/sdf.sk\/\",\"name\":\"Home - Sny Dovolenky Financie - nev\u00e1hajte a pre\u010d\u00edtajte si viac!\",\"isPartOf\":{\"@id\":\"https:\/\/sdf.sk\/sk\/#website\"},\"datePublished\":\"2018-03-06T12:36:12+00:00\",\"dateModified\":\"2022-04-22T06:33:09+00:00\",\"description\":\"Napl\u0148 svoje sny o dovolenke a nepla\u0165 ve\u013ea! \u010c\u00edtaj, ako si spr\u00e1vne napl\u00e1nova\u0165 dovolenku, ma\u0165 mnoho z\u00e1\u017eitkov a zisti ako u\u0161etr\u00ed\u0161 svoje peniaze!\",\"breadcrumb\":{\"@id\":\"https:\/\/sdf.sk\/#breadcrumb\"},\"inLanguage\":\"sk-SK\",\"potentialAction\":[{\"@type\":\"ReadAction\",\"target\":[\"https:\/\/sdf.sk\/\"]}]},{\"@type\":\"BreadcrumbList\",\"@id\":\"https:\/\/sdf.sk\/#breadcrumb\",\"itemListElement\":[{\"@type\":\"ListItem\",\"position\":1,\"name\":\"Domovsk\u00e1 str\u00e1nka\",\"item\":\"https:\/\/sdf.sk\/\"},{\"@type\":\"ListItem\",\"position\":2,\"name\":\"Home\"}]},{\"@type\":\"WebSite\",\"@id\":\"https:\/\/sdf.sk\/sk\/#website\",\"url\":\"https:\/\/sdf.sk\/sk\/\",\"name\":\"Sny Dovolenky Financie\",\"description\":\"Napl\u0148 svoje sny o dovolenke a nepla\u0165 ve\u013ea!\",\"publisher\":{\"@id\":\"https:\/\/sdf.sk\/sk\/#\/schema\/person\/52e5f5356a549b363ae1fef473f509bd\"},\"potentialAction\":[{\"@type\":\"SearchAction\",\"target\":{\"@type\":\"EntryPoint\",\"urlTemplate\":\"https:\/\/sdf.sk\/sk\/?s={search_term_string}\"},\"query-input\":\"required name=search_term_string\"}],\"inLanguage\":\"sk-SK\"},{\"@type\":[\"Person\",\"Organization\"],\"@id\":\"https:\/\/sdf.sk\/sk\/#\/schema\/person\/52e5f5356a549b363ae1fef473f509bd\",\"name\":\"BoNco Polo\",\"image\":{\"@type\":\"ImageObject\",\"inLanguage\":\"sk-SK\",\"@id\":\"https:\/\/sdf.sk\/sk\/#\/schema\/person\/image\/\",\"url\":\"https:\/\/sdf.sk\/wp-content\/uploads\/2021\/03\/Autor_300.jpg\",\"contentUrl\":\"https:\/\/sdf.sk\/wp-content\/uploads\/2021\/03\/Autor_300.jpg\",\"width\":300,\"height\":300,\"caption\":\"BoNco Polo\"},\"logo\":{\"@id\":\"https:\/\/sdf.sk\/sk\/#\/schema\/person\/image\/\"},\"sameAs\":[\"http:\/\/www.sdf.sk\"]}]}<\/script>\n<!-- \/ Yoast SEO Premium plugin. -->","yoast_head_json":{"title":"Home - Sny Dovolenky Financie - nev\u00e1hajte a pre\u010d\u00edtajte si viac!","description":"Napl\u0148 svoje sny o dovolenke a nepla\u0165 ve\u013ea! \u010c\u00edtaj, ako si spr\u00e1vne napl\u00e1nova\u0165 dovolenku, ma\u0165 mnoho z\u00e1\u017eitkov a zisti ako u\u0161etr\u00ed\u0161 svoje peniaze!","robots":{"index":"noindex","follow":"follow","max-snippet":"max-snippet:-1","max-image-preview":"max-image-preview:large","max-video-preview":"max-video-preview:-1"},"og_locale":"sk_SK","og_type":"article","og_title":"Home","og_description":"Napl\u0148 svoje sny o dovolenke a nepla\u0165 ve\u013ea! \u010c\u00edtaj, ako si spr\u00e1vne napl\u00e1nova\u0165 dovolenku, ma\u0165 mnoho z\u00e1\u017eitkov a zisti ako u\u0161etr\u00ed\u0161 svoje peniaze!","og_url":"https:\/\/sdf.sk\/sk\/","og_site_name":"Sny Dovolenky Financie","article_modified_time":"2022-04-22T06:33:09+00:00","og_image":[{"width":1500,"height":902,"url":"https:\/\/sdf.sk\/wp-content\/uploads\/2021\/03\/SDF_FB1.png","type":"image\/png"}],"twitter_card":"summary_large_image","schema":{"@context":"https:\/\/schema.org","@graph":[{"@type":"WebPage","@id":"https:\/\/sdf.sk\/","url":"https:\/\/sdf.sk\/","name":"Home - Sny Dovolenky Financie - nev\u00e1hajte a pre\u010d\u00edtajte si viac!","isPartOf":{"@id":"https:\/\/sdf.sk\/sk\/#website"},"datePublished":"2018-03-06T12:36:12+00:00","dateModified":"2022-04-22T06:33:09+00:00","description":"Napl\u0148 svoje sny o dovolenke a nepla\u0165 ve\u013ea! \u010c\u00edtaj, ako si spr\u00e1vne napl\u00e1nova\u0165 dovolenku, ma\u0165 mnoho z\u00e1\u017eitkov a zisti ako u\u0161etr\u00ed\u0161 svoje peniaze!","breadcrumb":{"@id":"https:\/\/sdf.sk\/#breadcrumb"},"inLanguage":"sk-SK","potentialAction":[{"@type":"ReadAction","target":["https:\/\/sdf.sk\/"]}]},{"@type":"BreadcrumbList","@id":"https:\/\/sdf.sk\/#breadcrumb","itemListElement":[{"@type":"ListItem","position":1,"name":"Domovsk\u00e1 str\u00e1nka","item":"https:\/\/sdf.sk\/"},{"@type":"ListItem","position":2,"name":"Home"}]},{"@type":"WebSite","@id":"https:\/\/sdf.sk\/sk\/#website","url":"https:\/\/sdf.sk\/sk\/","name":"Sny Dovolenky Financie","description":"Napl\u0148 svoje sny o dovolenke a nepla\u0165 ve\u013ea!","publisher":{"@id":"https:\/\/sdf.sk\/sk\/#\/schema\/person\/52e5f5356a549b363ae1fef473f509bd"},"potentialAction":[{"@type":"SearchAction","target":{"@type":"EntryPoint","urlTemplate":"https:\/\/sdf.sk\/sk\/?s={search_term_string}"},"query-input":"required name=search_term_string"}],"inLanguage":"sk-SK"},{"@type":["Person","Organization"],"@id":"https:\/\/sdf.sk\/sk\/#\/schema\/person\/52e5f5356a549b363ae1fef473f509bd","name":"BoNco Polo","image":{"@type":"ImageObject","inLanguage":"sk-SK","@id":"https:\/\/sdf.sk\/sk\/#\/schema\/person\/image\/","url":"https:\/\/sdf.sk\/wp-content\/uploads\/2021\/03\/Autor_300.jpg","contentUrl":"https:\/\/sdf.sk\/wp-content\/uploads\/2021\/03\/Autor_300.jpg","width":300,"height":300,"caption":"BoNco Polo"},"logo":{"@id":"https:\/\/sdf.sk\/sk\/#\/schema\/person\/image\/"},"sameAs":["http:\/\/www.sdf.sk"]}]}},"_links":{"self":[{"href":"https:\/\/sdf.sk\/sk\/wp-json\/wp\/v2\/pages\/195","targetHints":{"allow":["GET"]}}],"collection":[{"href":"https:\/\/sdf.sk\/sk\/wp-json\/wp\/v2\/pages"}],"about":[{"href":"https:\/\/sdf.sk\/sk\/wp-json\/wp\/v2\/types\/page"}],"author":[{"embeddable":true,"href":"https:\/\/sdf.sk\/sk\/wp-json\/wp\/v2\/users\/2"}],"replies":[{"embeddable":true,"href":"https:\/\/sdf.sk\/sk\/wp-json\/wp\/v2\/comments?post=195"}],"version-history":[{"count":1,"href":"https:\/\/sdf.sk\/sk\/wp-json\/wp\/v2\/pages\/195\/revisions"}],"predecessor-version":[{"id":864,"href":"https:\/\/sdf.sk\/sk\/wp-json\/wp\/v2\/pages\/195\/revisions\/864"}],"wp:attachment":[{"href":"https:\/\/sdf.sk\/sk\/wp-json\/wp\/v2\/media?parent=195"}],"curies":[{"name":"wp","href":"https:\/\/api.w.org\/{rel}","templated":true}]}}