{"id":966,"date":"2021-04-12T11:36:20","date_gmt":"2021-04-12T09:36:20","guid":{"rendered":"https:\/\/sdf.sk\/?page_id=966"},"modified":"2021-04-12T22:07:56","modified_gmt":"2021-04-12T20:07:56","slug":"krajinarske-foto","status":"publish","type":"page","link":"https:\/\/sdf.sk\/cs\/krajinarske-foto\/","title":{"rendered":"Krajin\u00e1\u0159sk\u00e9 foto"},"content":{"rendered":"<figure class=\"wp-block-gallery columns-2 is-cropped wp-block-gallery-1 is-layout-flex wp-block-gallery-is-layout-flex\"><ul class=\"blocks-gallery-grid\"><li class=\"blocks-gallery-item\"><figure><img loading=\"lazy\" decoding=\"async\" width=\"380\" height=\"507\" src=\"https:\/\/sdf.sk\/wp-content\/uploads\/2021\/03\/IS-GR_cat-1.jpg\" alt=\"\" data-id=\"916\" data-full-url=\"https:\/\/sdf.sk\/wp-content\/uploads\/2021\/03\/IS-GR_cat-1.jpg\" data-link=\"https:\/\/sdf.sk\/is-gr_cat-1-2\/\" class=\"wp-image-916\" srcset=\"https:\/\/sdf.sk\/wp-content\/uploads\/2021\/03\/IS-GR_cat-1.jpg 380w, https:\/\/sdf.sk\/wp-content\/uploads\/2021\/03\/IS-GR_cat-1-225x300.jpg 225w, https:\/\/sdf.sk\/wp-content\/uploads\/2021\/03\/IS-GR_cat-1-247x330.jpg 247w, https:\/\/sdf.sk\/wp-content\/uploads\/2021\/03\/IS-GR_cat-1-278x371.jpg 278w\" sizes=\"auto, (max-width: 380px) 100vw, 380px\" \/><figcaption class=\"blocks-gallery-item__caption\">Prv\u00fd<\/figcaption><\/figure><\/li><li class=\"blocks-gallery-item\"><figure><img loading=\"lazy\" decoding=\"async\" width=\"380\" height=\"507\" src=\"https:\/\/sdf.sk\/wp-content\/uploads\/2021\/03\/Ameria_cat-2.jpg\" alt=\"\" data-id=\"920\" data-full-url=\"https:\/\/sdf.sk\/wp-content\/uploads\/2021\/03\/Ameria_cat-2.jpg\" data-link=\"https:\/\/sdf.sk\/skusobna-stranka\/ameria_cat-2\/\" class=\"wp-image-920\" srcset=\"https:\/\/sdf.sk\/wp-content\/uploads\/2021\/03\/Ameria_cat-2.jpg 380w, https:\/\/sdf.sk\/wp-content\/uploads\/2021\/03\/Ameria_cat-2-225x300.jpg 225w, https:\/\/sdf.sk\/wp-content\/uploads\/2021\/03\/Ameria_cat-2-247x330.jpg 247w, https:\/\/sdf.sk\/wp-content\/uploads\/2021\/03\/Ameria_cat-2-278x371.jpg 278w\" sizes=\"auto, (max-width: 380px) 100vw, 380px\" \/><\/figure><\/li><\/ul><\/figure>","protected":false},"excerpt":{"rendered":"<p>Prv\u00fd<\/p>","protected":false},"author":2,"featured_media":0,"parent":0,"menu_order":0,"comment_status":"closed","ping_status":"closed","template":"","meta":{"footnotes":""},"class_list":["post-966","page","type-page","status-publish","hentry"],"yoast_head":"<!-- This site is optimized with the Yoast SEO Premium plugin v18.1 (Yoast SEO v22.5) - https:\/\/yoast.com\/wordpress\/plugins\/seo\/ -->\n<title>Krajin\u00e1rske foto - Sny Dovolenky Financie<\/title>\n<meta name=\"robots\" content=\"noindex, follow, max-snippet:-1, max-image-preview:large, max-video-preview:-1\" \/>\n<meta property=\"og:locale\" content=\"cs_CZ\" \/>\n<meta property=\"og:type\" content=\"article\" \/>\n<meta property=\"og:title\" content=\"Krajin\u00e1rske foto\" \/>\n<meta property=\"og:description\" content=\"Prv\u00fd\" \/>\n<meta property=\"og:url\" content=\"https:\/\/sdf.sk\/cs\/krajinarske-foto\/\" \/>\n<meta property=\"og:site_name\" content=\"Sny Dovolenky Financie\" \/>\n<meta property=\"article:modified_time\" content=\"2021-04-12T20:07:56+00:00\" \/>\n<meta property=\"og:image\" content=\"https:\/\/sdf.sk\/wp-content\/uploads\/2021\/03\/IS-GR_cat-1.jpg\" \/>\n<meta name=\"twitter:card\" content=\"summary_large_image\" \/>\n<meta name=\"twitter:label1\" content=\"Odhadovan\u00e1 doba \u010dten\u00ed\" \/>\n\t<meta name=\"twitter:data1\" content=\"1 minuta\" \/>\n<script type=\"application\/ld+json\" class=\"yoast-schema-graph\">{\"@context\":\"https:\/\/schema.org\",\"@graph\":[{\"@type\":\"WebPage\",\"@id\":\"https:\/\/sdf.sk\/cs\/krajinarske-foto\/\",\"url\":\"https:\/\/sdf.sk\/cs\/krajinarske-foto\/\",\"name\":\"Krajin\u00e1rske foto - Sny Dovolenky Financie\",\"isPartOf\":{\"@id\":\"https:\/\/sdf.sk\/sk\/#website\"},\"primaryImageOfPage\":{\"@id\":\"https:\/\/sdf.sk\/cs\/krajinarske-foto\/#primaryimage\"},\"image\":{\"@id\":\"https:\/\/sdf.sk\/cs\/krajinarske-foto\/#primaryimage\"},\"thumbnailUrl\":\"https:\/\/sdf.sk\/wp-content\/uploads\/2021\/03\/IS-GR_cat-1.jpg\",\"datePublished\":\"2021-04-12T09:36:20+00:00\",\"dateModified\":\"2021-04-12T20:07:56+00:00\",\"breadcrumb\":{\"@id\":\"https:\/\/sdf.sk\/cs\/krajinarske-foto\/#breadcrumb\"},\"inLanguage\":\"cs\",\"potentialAction\":[{\"@type\":\"ReadAction\",\"target\":[\"https:\/\/sdf.sk\/cs\/krajinarske-foto\/\"]}]},{\"@type\":\"ImageObject\",\"inLanguage\":\"cs\",\"@id\":\"https:\/\/sdf.sk\/cs\/krajinarske-foto\/#primaryimage\",\"url\":\"https:\/\/sdf.sk\/wp-content\/uploads\/2021\/03\/IS-GR_cat-1.jpg\",\"contentUrl\":\"https:\/\/sdf.sk\/wp-content\/uploads\/2021\/03\/IS-GR_cat-1.jpg\"},{\"@type\":\"BreadcrumbList\",\"@id\":\"https:\/\/sdf.sk\/cs\/krajinarske-foto\/#breadcrumb\",\"itemListElement\":[{\"@type\":\"ListItem\",\"position\":1,\"name\":\"Domovsk\u00e1 str\u00e1nka\",\"item\":\"https:\/\/sdf.sk\/\"},{\"@type\":\"ListItem\",\"position\":2,\"name\":\"Krajin\u00e1rske foto\"}]},{\"@type\":\"WebSite\",\"@id\":\"https:\/\/sdf.sk\/sk\/#website\",\"url\":\"https:\/\/sdf.sk\/sk\/\",\"name\":\"Sny Dovolenky Financie\",\"description\":\"Napl\u0148 svoje sny o dovolenke a nepla\u0165 ve\u013ea!\",\"publisher\":{\"@id\":\"https:\/\/sdf.sk\/sk\/#\/schema\/person\/52e5f5356a549b363ae1fef473f509bd\"},\"potentialAction\":[{\"@type\":\"SearchAction\",\"target\":{\"@type\":\"EntryPoint\",\"urlTemplate\":\"https:\/\/sdf.sk\/sk\/?s={search_term_string}\"},\"query-input\":\"required name=search_term_string\"}],\"inLanguage\":\"cs\"},{\"@type\":[\"Person\",\"Organization\"],\"@id\":\"https:\/\/sdf.sk\/sk\/#\/schema\/person\/52e5f5356a549b363ae1fef473f509bd\",\"name\":\"BoNco Polo\",\"image\":{\"@type\":\"ImageObject\",\"inLanguage\":\"cs\",\"@id\":\"https:\/\/sdf.sk\/sk\/#\/schema\/person\/image\/\",\"url\":\"https:\/\/sdf.sk\/wp-content\/uploads\/2021\/03\/Autor_300.jpg\",\"contentUrl\":\"https:\/\/sdf.sk\/wp-content\/uploads\/2021\/03\/Autor_300.jpg\",\"width\":300,\"height\":300,\"caption\":\"BoNco Polo\"},\"logo\":{\"@id\":\"https:\/\/sdf.sk\/sk\/#\/schema\/person\/image\/\"},\"sameAs\":[\"http:\/\/www.sdf.sk\"]}]}<\/script>\n<!-- \/ Yoast SEO Premium plugin. -->","yoast_head_json":{"title":"Krajin\u00e1rske foto - Sny Dovolenky Financie","robots":{"index":"noindex","follow":"follow","max-snippet":"max-snippet:-1","max-image-preview":"max-image-preview:large","max-video-preview":"max-video-preview:-1"},"og_locale":"cs_CZ","og_type":"article","og_title":"Krajin\u00e1rske foto","og_description":"Prv\u00fd","og_url":"https:\/\/sdf.sk\/cs\/krajinarske-foto\/","og_site_name":"Sny Dovolenky Financie","article_modified_time":"2021-04-12T20:07:56+00:00","og_image":[{"url":"https:\/\/sdf.sk\/wp-content\/uploads\/2021\/03\/IS-GR_cat-1.jpg"}],"twitter_card":"summary_large_image","twitter_misc":{"Odhadovan\u00e1 doba \u010dten\u00ed":"1 minuta"},"schema":{"@context":"https:\/\/schema.org","@graph":[{"@type":"WebPage","@id":"https:\/\/sdf.sk\/cs\/krajinarske-foto\/","url":"https:\/\/sdf.sk\/cs\/krajinarske-foto\/","name":"Krajin\u00e1rske foto - Sny Dovolenky Financie","isPartOf":{"@id":"https:\/\/sdf.sk\/sk\/#website"},"primaryImageOfPage":{"@id":"https:\/\/sdf.sk\/cs\/krajinarske-foto\/#primaryimage"},"image":{"@id":"https:\/\/sdf.sk\/cs\/krajinarske-foto\/#primaryimage"},"thumbnailUrl":"https:\/\/sdf.sk\/wp-content\/uploads\/2021\/03\/IS-GR_cat-1.jpg","datePublished":"2021-04-12T09:36:20+00:00","dateModified":"2021-04-12T20:07:56+00:00","breadcrumb":{"@id":"https:\/\/sdf.sk\/cs\/krajinarske-foto\/#breadcrumb"},"inLanguage":"cs","potentialAction":[{"@type":"ReadAction","target":["https:\/\/sdf.sk\/cs\/krajinarske-foto\/"]}]},{"@type":"ImageObject","inLanguage":"cs","@id":"https:\/\/sdf.sk\/cs\/krajinarske-foto\/#primaryimage","url":"https:\/\/sdf.sk\/wp-content\/uploads\/2021\/03\/IS-GR_cat-1.jpg","contentUrl":"https:\/\/sdf.sk\/wp-content\/uploads\/2021\/03\/IS-GR_cat-1.jpg"},{"@type":"BreadcrumbList","@id":"https:\/\/sdf.sk\/cs\/krajinarske-foto\/#breadcrumb","itemListElement":[{"@type":"ListItem","position":1,"name":"Domovsk\u00e1 str\u00e1nka","item":"https:\/\/sdf.sk\/"},{"@type":"ListItem","position":2,"name":"Krajin\u00e1rske foto"}]},{"@type":"WebSite","@id":"https:\/\/sdf.sk\/sk\/#website","url":"https:\/\/sdf.sk\/sk\/","name":"Sny Dovolenky Financie","description":"Napl\u0148 svoje sny o dovolenke a nepla\u0165 ve\u013ea!","publisher":{"@id":"https:\/\/sdf.sk\/sk\/#\/schema\/person\/52e5f5356a549b363ae1fef473f509bd"},"potentialAction":[{"@type":"SearchAction","target":{"@type":"EntryPoint","urlTemplate":"https:\/\/sdf.sk\/sk\/?s={search_term_string}"},"query-input":"required name=search_term_string"}],"inLanguage":"cs"},{"@type":["Person","Organization"],"@id":"https:\/\/sdf.sk\/sk\/#\/schema\/person\/52e5f5356a549b363ae1fef473f509bd","name":"BoNco Polo","image":{"@type":"ImageObject","inLanguage":"cs","@id":"https:\/\/sdf.sk\/sk\/#\/schema\/person\/image\/","url":"https:\/\/sdf.sk\/wp-content\/uploads\/2021\/03\/Autor_300.jpg","contentUrl":"https:\/\/sdf.sk\/wp-content\/uploads\/2021\/03\/Autor_300.jpg","width":300,"height":300,"caption":"BoNco Polo"},"logo":{"@id":"https:\/\/sdf.sk\/sk\/#\/schema\/person\/image\/"},"sameAs":["http:\/\/www.sdf.sk"]}]}},"_links":{"self":[{"href":"https:\/\/sdf.sk\/cs\/wp-json\/wp\/v2\/pages\/966","targetHints":{"allow":["GET"]}}],"collection":[{"href":"https:\/\/sdf.sk\/cs\/wp-json\/wp\/v2\/pages"}],"about":[{"href":"https:\/\/sdf.sk\/cs\/wp-json\/wp\/v2\/types\/page"}],"author":[{"embeddable":true,"href":"https:\/\/sdf.sk\/cs\/wp-json\/wp\/v2\/users\/2"}],"replies":[{"embeddable":true,"href":"https:\/\/sdf.sk\/cs\/wp-json\/wp\/v2\/comments?post=966"}],"version-history":[{"count":3,"href":"https:\/\/sdf.sk\/cs\/wp-json\/wp\/v2\/pages\/966\/revisions"}],"predecessor-version":[{"id":1005,"href":"https:\/\/sdf.sk\/cs\/wp-json\/wp\/v2\/pages\/966\/revisions\/1005"}],"wp:attachment":[{"href":"https:\/\/sdf.sk\/cs\/wp-json\/wp\/v2\/media?parent=966"}],"curies":[{"name":"wp","href":"https:\/\/api.w.org\/{rel}","templated":true}]}}