{"id":470,"date":"2018-03-12T13:04:40","date_gmt":"2018-03-12T13:04:40","guid":{"rendered":"https:\/\/demo.mekshq.com\/trawell\/dc\/?page_id=470"},"modified":"2021-03-16T16:51:51","modified_gmt":"2021-03-16T15:51:51","slug":"nasa-ponuka","status":"publish","type":"page","link":"https:\/\/sdf.sk\/cs\/nasa-ponuka\/","title":{"rendered":"Na\u0161e nab\u00eddka"},"content":{"rendered":"","protected":false},"excerpt":{"rendered":"","protected":false},"author":2,"featured_media":823,"parent":0,"menu_order":0,"comment_status":"closed","ping_status":"closed","template":"template-authors.php","meta":{"footnotes":""},"class_list":["post-470","page","type-page","status-publish","has-post-thumbnail","hentry"],"yoast_head":"<!-- This site is optimized with the Yoast SEO Premium plugin v18.1 (Yoast SEO v22.5) - https:\/\/yoast.com\/wordpress\/plugins\/seo\/ -->\n<title>Na\u0161a ponuka - Sny Dovolenky Financie<\/title>\n<meta name=\"robots\" content=\"noindex, follow, max-snippet:-1, max-image-preview:large, max-video-preview:-1\" \/>\n<meta property=\"og:locale\" content=\"cs_CZ\" \/>\n<meta property=\"og:type\" content=\"article\" \/>\n<meta property=\"og:title\" content=\"Na\u0161a ponuka\" \/>\n<meta property=\"og:url\" content=\"https:\/\/sdf.sk\/cs\/nasa-ponuka\/\" \/>\n<meta property=\"og:site_name\" content=\"Sny Dovolenky Financie\" \/>\n<meta property=\"article:modified_time\" content=\"2021-03-16T15:51:51+00:00\" \/>\n<meta property=\"og:image\" content=\"https:\/\/sdf.sk\/wp-content\/uploads\/2021\/03\/Kontakt_cover1.jpg\" \/>\n\t<meta property=\"og:image:width\" content=\"2011\" \/>\n\t<meta property=\"og:image:height\" content=\"1192\" \/>\n\t<meta property=\"og:image:type\" content=\"image\/jpeg\" \/>\n<meta name=\"twitter:card\" content=\"summary_large_image\" \/>\n<script type=\"application\/ld+json\" class=\"yoast-schema-graph\">{\"@context\":\"https:\/\/schema.org\",\"@graph\":[{\"@type\":\"WebPage\",\"@id\":\"https:\/\/sdf.sk\/sk\/nasa-ponuka\/\",\"url\":\"https:\/\/sdf.sk\/sk\/nasa-ponuka\/\",\"name\":\"Na\u0161a ponuka - Sny Dovolenky Financie\",\"isPartOf\":{\"@id\":\"https:\/\/sdf.sk\/sk\/#website\"},\"primaryImageOfPage\":{\"@id\":\"https:\/\/sdf.sk\/sk\/nasa-ponuka\/#primaryimage\"},\"image\":{\"@id\":\"https:\/\/sdf.sk\/sk\/nasa-ponuka\/#primaryimage\"},\"thumbnailUrl\":\"https:\/\/sdf.sk\/wp-content\/uploads\/2021\/03\/Kontakt_cover1.jpg\",\"datePublished\":\"2018-03-12T13:04:40+00:00\",\"dateModified\":\"2021-03-16T15:51:51+00:00\",\"breadcrumb\":{\"@id\":\"https:\/\/sdf.sk\/sk\/nasa-ponuka\/#breadcrumb\"},\"inLanguage\":\"cs\",\"potentialAction\":[{\"@type\":\"ReadAction\",\"target\":[\"https:\/\/sdf.sk\/sk\/nasa-ponuka\/\"]}]},{\"@type\":\"ImageObject\",\"inLanguage\":\"cs\",\"@id\":\"https:\/\/sdf.sk\/sk\/nasa-ponuka\/#primaryimage\",\"url\":\"https:\/\/sdf.sk\/wp-content\/uploads\/2021\/03\/Kontakt_cover1.jpg\",\"contentUrl\":\"https:\/\/sdf.sk\/wp-content\/uploads\/2021\/03\/Kontakt_cover1.jpg\",\"width\":2011,\"height\":1192},{\"@type\":\"BreadcrumbList\",\"@id\":\"https:\/\/sdf.sk\/sk\/nasa-ponuka\/#breadcrumb\",\"itemListElement\":[{\"@type\":\"ListItem\",\"position\":1,\"name\":\"Domovsk\u00e1 str\u00e1nka\",\"item\":\"https:\/\/sdf.sk\/\"},{\"@type\":\"ListItem\",\"position\":2,\"name\":\"Na\u0161a ponuka\"}]},{\"@type\":\"WebSite\",\"@id\":\"https:\/\/sdf.sk\/sk\/#website\",\"url\":\"https:\/\/sdf.sk\/sk\/\",\"name\":\"Sny Dovolenky Financie\",\"description\":\"Napl\u0148 svoje sny o dovolenke a nepla\u0165 ve\u013ea!\",\"publisher\":{\"@id\":\"https:\/\/sdf.sk\/sk\/#\/schema\/person\/52e5f5356a549b363ae1fef473f509bd\"},\"potentialAction\":[{\"@type\":\"SearchAction\",\"target\":{\"@type\":\"EntryPoint\",\"urlTemplate\":\"https:\/\/sdf.sk\/sk\/?s={search_term_string}\"},\"query-input\":\"required name=search_term_string\"}],\"inLanguage\":\"cs\"},{\"@type\":[\"Person\",\"Organization\"],\"@id\":\"https:\/\/sdf.sk\/sk\/#\/schema\/person\/52e5f5356a549b363ae1fef473f509bd\",\"name\":\"BoNco Polo\",\"image\":{\"@type\":\"ImageObject\",\"inLanguage\":\"cs\",\"@id\":\"https:\/\/sdf.sk\/sk\/#\/schema\/person\/image\/\",\"url\":\"https:\/\/sdf.sk\/wp-content\/uploads\/2021\/03\/Autor_300.jpg\",\"contentUrl\":\"https:\/\/sdf.sk\/wp-content\/uploads\/2021\/03\/Autor_300.jpg\",\"width\":300,\"height\":300,\"caption\":\"BoNco Polo\"},\"logo\":{\"@id\":\"https:\/\/sdf.sk\/sk\/#\/schema\/person\/image\/\"},\"sameAs\":[\"http:\/\/www.sdf.sk\"]}]}<\/script>\n<!-- \/ Yoast SEO Premium plugin. -->","yoast_head_json":{"title":"Na\u0161a ponuka - Sny Dovolenky Financie","robots":{"index":"noindex","follow":"follow","max-snippet":"max-snippet:-1","max-image-preview":"max-image-preview:large","max-video-preview":"max-video-preview:-1"},"og_locale":"cs_CZ","og_type":"article","og_title":"Na\u0161a ponuka","og_url":"https:\/\/sdf.sk\/cs\/nasa-ponuka\/","og_site_name":"Sny Dovolenky Financie","article_modified_time":"2021-03-16T15:51:51+00:00","og_image":[{"width":2011,"height":1192,"url":"https:\/\/sdf.sk\/wp-content\/uploads\/2021\/03\/Kontakt_cover1.jpg","type":"image\/jpeg"}],"twitter_card":"summary_large_image","schema":{"@context":"https:\/\/schema.org","@graph":[{"@type":"WebPage","@id":"https:\/\/sdf.sk\/sk\/nasa-ponuka\/","url":"https:\/\/sdf.sk\/sk\/nasa-ponuka\/","name":"Na\u0161a ponuka - Sny Dovolenky Financie","isPartOf":{"@id":"https:\/\/sdf.sk\/sk\/#website"},"primaryImageOfPage":{"@id":"https:\/\/sdf.sk\/sk\/nasa-ponuka\/#primaryimage"},"image":{"@id":"https:\/\/sdf.sk\/sk\/nasa-ponuka\/#primaryimage"},"thumbnailUrl":"https:\/\/sdf.sk\/wp-content\/uploads\/2021\/03\/Kontakt_cover1.jpg","datePublished":"2018-03-12T13:04:40+00:00","dateModified":"2021-03-16T15:51:51+00:00","breadcrumb":{"@id":"https:\/\/sdf.sk\/sk\/nasa-ponuka\/#breadcrumb"},"inLanguage":"cs","potentialAction":[{"@type":"ReadAction","target":["https:\/\/sdf.sk\/sk\/nasa-ponuka\/"]}]},{"@type":"ImageObject","inLanguage":"cs","@id":"https:\/\/sdf.sk\/sk\/nasa-ponuka\/#primaryimage","url":"https:\/\/sdf.sk\/wp-content\/uploads\/2021\/03\/Kontakt_cover1.jpg","contentUrl":"https:\/\/sdf.sk\/wp-content\/uploads\/2021\/03\/Kontakt_cover1.jpg","width":2011,"height":1192},{"@type":"BreadcrumbList","@id":"https:\/\/sdf.sk\/sk\/nasa-ponuka\/#breadcrumb","itemListElement":[{"@type":"ListItem","position":1,"name":"Domovsk\u00e1 str\u00e1nka","item":"https:\/\/sdf.sk\/"},{"@type":"ListItem","position":2,"name":"Na\u0161a ponuka"}]},{"@type":"WebSite","@id":"https:\/\/sdf.sk\/sk\/#website","url":"https:\/\/sdf.sk\/sk\/","name":"Sny Dovolenky Financie","description":"Napl\u0148 svoje sny o dovolenke a nepla\u0165 ve\u013ea!","publisher":{"@id":"https:\/\/sdf.sk\/sk\/#\/schema\/person\/52e5f5356a549b363ae1fef473f509bd"},"potentialAction":[{"@type":"SearchAction","target":{"@type":"EntryPoint","urlTemplate":"https:\/\/sdf.sk\/sk\/?s={search_term_string}"},"query-input":"required name=search_term_string"}],"inLanguage":"cs"},{"@type":["Person","Organization"],"@id":"https:\/\/sdf.sk\/sk\/#\/schema\/person\/52e5f5356a549b363ae1fef473f509bd","name":"BoNco Polo","image":{"@type":"ImageObject","inLanguage":"cs","@id":"https:\/\/sdf.sk\/sk\/#\/schema\/person\/image\/","url":"https:\/\/sdf.sk\/wp-content\/uploads\/2021\/03\/Autor_300.jpg","contentUrl":"https:\/\/sdf.sk\/wp-content\/uploads\/2021\/03\/Autor_300.jpg","width":300,"height":300,"caption":"BoNco Polo"},"logo":{"@id":"https:\/\/sdf.sk\/sk\/#\/schema\/person\/image\/"},"sameAs":["http:\/\/www.sdf.sk"]}]}},"_links":{"self":[{"href":"https:\/\/sdf.sk\/cs\/wp-json\/wp\/v2\/pages\/470","targetHints":{"allow":["GET"]}}],"collection":[{"href":"https:\/\/sdf.sk\/cs\/wp-json\/wp\/v2\/pages"}],"about":[{"href":"https:\/\/sdf.sk\/cs\/wp-json\/wp\/v2\/types\/page"}],"author":[{"embeddable":true,"href":"https:\/\/sdf.sk\/cs\/wp-json\/wp\/v2\/users\/2"}],"replies":[{"embeddable":true,"href":"https:\/\/sdf.sk\/cs\/wp-json\/wp\/v2\/comments?post=470"}],"version-history":[{"count":0,"href":"https:\/\/sdf.sk\/cs\/wp-json\/wp\/v2\/pages\/470\/revisions"}],"wp:featuredmedia":[{"embeddable":true,"href":"https:\/\/sdf.sk\/cs\/wp-json\/wp\/v2\/media\/823"}],"wp:attachment":[{"href":"https:\/\/sdf.sk\/cs\/wp-json\/wp\/v2\/media?parent=470"}],"curies":[{"name":"wp","href":"https:\/\/api.w.org\/{rel}","templated":true}]}}