{"id":1220,"date":"2021-05-02T15:33:40","date_gmt":"2021-05-02T13:33:40","guid":{"rendered":"https:\/\/sdf.sk\/?page_id=1220"},"modified":"2021-05-02T15:33:41","modified_gmt":"2021-05-02T13:33:41","slug":"stan-sa-clenom","status":"publish","type":"page","link":"https:\/\/sdf.sk\/cs\/stan-sa-clenom\/","title":{"rendered":"Sta\u0148 sa \u010dlenom"},"content":{"rendered":"<p>Chce\u0161 vyu\u017e\u00edva\u0165 v\u0161etky na\u0161e sk\u00fasenosti a rady, pozera\u0165 super vide\u00e1?<br>K\u00fap si predplatn\u00e9 a sta\u0148 sa \u010dlenom. Pr\u00e1ve teraz!<\/p>\n\n\n<p class=\"swpm-red-box\">Error! The button ID (909) you specified in the shortcode does not exist. You may have deleted this payment button. Go to the Manage Payment Buttons interface then copy and paste the correct button ID in the shortcode.<\/p>","protected":false},"excerpt":{"rendered":"<p>Chce\u0161 vyu\u017e\u00edva\u0165 v\u0161etky na\u0161e sk\u00fasenosti a rady, pozera\u0165 super vide\u00e1?K\u00fap si predplatn\u00e9 a sta\u0148 sa \u010dlenom. Pr\u00e1ve teraz!<\/p>","protected":false},"author":2,"featured_media":0,"parent":0,"menu_order":0,"comment_status":"closed","ping_status":"closed","template":"","meta":{"footnotes":""},"class_list":["post-1220","page","type-page","status-publish","hentry"],"yoast_head":"<!-- This site is optimized with the Yoast SEO Premium plugin v18.1 (Yoast SEO v22.5) - https:\/\/yoast.com\/wordpress\/plugins\/seo\/ -->\n<title>Sta\u0148 sa \u010dlenom - Sny Dovolenky Financie<\/title>\n<meta name=\"robots\" content=\"noindex, follow, max-snippet:-1, max-image-preview:large, max-video-preview:-1\" \/>\n<meta property=\"og:locale\" content=\"cs_CZ\" \/>\n<meta property=\"og:type\" content=\"article\" \/>\n<meta property=\"og:title\" content=\"Sta\u0148 sa \u010dlenom\" \/>\n<meta property=\"og:description\" content=\"Chce\u0161 vyu\u017e\u00edva\u0165 v\u0161etky na\u0161e sk\u00fasenosti a rady, pozera\u0165 super vide\u00e1?K\u00fap si predplatn\u00e9 a sta\u0148 sa \u010dlenom. Pr\u00e1ve teraz!\" \/>\n<meta property=\"og:url\" content=\"https:\/\/sdf.sk\/cs\/stan-sa-clenom\/\" \/>\n<meta property=\"og:site_name\" content=\"Sny Dovolenky Financie\" \/>\n<meta property=\"article:modified_time\" content=\"2021-05-02T13:33:41+00:00\" \/>\n<meta property=\"og:image\" content=\"https:\/\/sdf.sk\/wp-content\/uploads\/2021\/03\/SDF_FB1.png\" \/>\n\t<meta property=\"og:image:width\" content=\"1500\" \/>\n\t<meta property=\"og:image:height\" content=\"902\" \/>\n\t<meta property=\"og:image:type\" content=\"image\/png\" \/>\n<meta name=\"twitter:card\" content=\"summary_large_image\" \/>\n<meta name=\"twitter:label1\" content=\"Odhadovan\u00e1 doba \u010dten\u00ed\" \/>\n\t<meta name=\"twitter:data1\" content=\"1 minuta\" \/>\n<script type=\"application\/ld+json\" class=\"yoast-schema-graph\">{\"@context\":\"https:\/\/schema.org\",\"@graph\":[{\"@type\":\"WebPage\",\"@id\":\"https:\/\/sdf.sk\/sk\/stan-sa-clenom\/\",\"url\":\"https:\/\/sdf.sk\/sk\/stan-sa-clenom\/\",\"name\":\"Sta\u0148 sa \u010dlenom - Sny Dovolenky Financie\",\"isPartOf\":{\"@id\":\"https:\/\/sdf.sk\/sk\/#website\"},\"datePublished\":\"2021-05-02T13:33:40+00:00\",\"dateModified\":\"2021-05-02T13:33:41+00:00\",\"breadcrumb\":{\"@id\":\"https:\/\/sdf.sk\/sk\/stan-sa-clenom\/#breadcrumb\"},\"inLanguage\":\"cs\",\"potentialAction\":[{\"@type\":\"ReadAction\",\"target\":[\"https:\/\/sdf.sk\/sk\/stan-sa-clenom\/\"]}]},{\"@type\":\"BreadcrumbList\",\"@id\":\"https:\/\/sdf.sk\/sk\/stan-sa-clenom\/#breadcrumb\",\"itemListElement\":[{\"@type\":\"ListItem\",\"position\":1,\"name\":\"Domovsk\u00e1 str\u00e1nka\",\"item\":\"https:\/\/sdf.sk\/\"},{\"@type\":\"ListItem\",\"position\":2,\"name\":\"Sta\u0148 sa \u010dlenom\"}]},{\"@type\":\"WebSite\",\"@id\":\"https:\/\/sdf.sk\/sk\/#website\",\"url\":\"https:\/\/sdf.sk\/sk\/\",\"name\":\"Sny Dovolenky Financie\",\"description\":\"Napl\u0148 svoje sny o dovolenke a nepla\u0165 ve\u013ea!\",\"publisher\":{\"@id\":\"https:\/\/sdf.sk\/sk\/#\/schema\/person\/52e5f5356a549b363ae1fef473f509bd\"},\"potentialAction\":[{\"@type\":\"SearchAction\",\"target\":{\"@type\":\"EntryPoint\",\"urlTemplate\":\"https:\/\/sdf.sk\/sk\/?s={search_term_string}\"},\"query-input\":\"required name=search_term_string\"}],\"inLanguage\":\"cs\"},{\"@type\":[\"Person\",\"Organization\"],\"@id\":\"https:\/\/sdf.sk\/sk\/#\/schema\/person\/52e5f5356a549b363ae1fef473f509bd\",\"name\":\"BoNco Polo\",\"image\":{\"@type\":\"ImageObject\",\"inLanguage\":\"cs\",\"@id\":\"https:\/\/sdf.sk\/sk\/#\/schema\/person\/image\/\",\"url\":\"https:\/\/sdf.sk\/wp-content\/uploads\/2021\/03\/Autor_300.jpg\",\"contentUrl\":\"https:\/\/sdf.sk\/wp-content\/uploads\/2021\/03\/Autor_300.jpg\",\"width\":300,\"height\":300,\"caption\":\"BoNco Polo\"},\"logo\":{\"@id\":\"https:\/\/sdf.sk\/sk\/#\/schema\/person\/image\/\"},\"sameAs\":[\"http:\/\/www.sdf.sk\"]}]}<\/script>\n<!-- \/ Yoast SEO Premium plugin. -->","yoast_head_json":{"title":"Sta\u0148 sa \u010dlenom - Sny Dovolenky Financie","robots":{"index":"noindex","follow":"follow","max-snippet":"max-snippet:-1","max-image-preview":"max-image-preview:large","max-video-preview":"max-video-preview:-1"},"og_locale":"cs_CZ","og_type":"article","og_title":"Sta\u0148 sa \u010dlenom","og_description":"Chce\u0161 vyu\u017e\u00edva\u0165 v\u0161etky na\u0161e sk\u00fasenosti a rady, pozera\u0165 super vide\u00e1?K\u00fap si predplatn\u00e9 a sta\u0148 sa \u010dlenom. Pr\u00e1ve teraz!","og_url":"https:\/\/sdf.sk\/cs\/stan-sa-clenom\/","og_site_name":"Sny Dovolenky Financie","article_modified_time":"2021-05-02T13:33:41+00:00","og_image":[{"width":1500,"height":902,"url":"https:\/\/sdf.sk\/wp-content\/uploads\/2021\/03\/SDF_FB1.png","type":"image\/png"}],"twitter_card":"summary_large_image","twitter_misc":{"Odhadovan\u00e1 doba \u010dten\u00ed":"1 minuta"},"schema":{"@context":"https:\/\/schema.org","@graph":[{"@type":"WebPage","@id":"https:\/\/sdf.sk\/sk\/stan-sa-clenom\/","url":"https:\/\/sdf.sk\/sk\/stan-sa-clenom\/","name":"Sta\u0148 sa \u010dlenom - Sny Dovolenky Financie","isPartOf":{"@id":"https:\/\/sdf.sk\/sk\/#website"},"datePublished":"2021-05-02T13:33:40+00:00","dateModified":"2021-05-02T13:33:41+00:00","breadcrumb":{"@id":"https:\/\/sdf.sk\/sk\/stan-sa-clenom\/#breadcrumb"},"inLanguage":"cs","potentialAction":[{"@type":"ReadAction","target":["https:\/\/sdf.sk\/sk\/stan-sa-clenom\/"]}]},{"@type":"BreadcrumbList","@id":"https:\/\/sdf.sk\/sk\/stan-sa-clenom\/#breadcrumb","itemListElement":[{"@type":"ListItem","position":1,"name":"Domovsk\u00e1 str\u00e1nka","item":"https:\/\/sdf.sk\/"},{"@type":"ListItem","position":2,"name":"Sta\u0148 sa \u010dlenom"}]},{"@type":"WebSite","@id":"https:\/\/sdf.sk\/sk\/#website","url":"https:\/\/sdf.sk\/sk\/","name":"Sny Dovolenky Financie","description":"Napl\u0148 svoje sny o dovolenke a nepla\u0165 ve\u013ea!","publisher":{"@id":"https:\/\/sdf.sk\/sk\/#\/schema\/person\/52e5f5356a549b363ae1fef473f509bd"},"potentialAction":[{"@type":"SearchAction","target":{"@type":"EntryPoint","urlTemplate":"https:\/\/sdf.sk\/sk\/?s={search_term_string}"},"query-input":"required name=search_term_string"}],"inLanguage":"cs"},{"@type":["Person","Organization"],"@id":"https:\/\/sdf.sk\/sk\/#\/schema\/person\/52e5f5356a549b363ae1fef473f509bd","name":"BoNco Polo","image":{"@type":"ImageObject","inLanguage":"cs","@id":"https:\/\/sdf.sk\/sk\/#\/schema\/person\/image\/","url":"https:\/\/sdf.sk\/wp-content\/uploads\/2021\/03\/Autor_300.jpg","contentUrl":"https:\/\/sdf.sk\/wp-content\/uploads\/2021\/03\/Autor_300.jpg","width":300,"height":300,"caption":"BoNco Polo"},"logo":{"@id":"https:\/\/sdf.sk\/sk\/#\/schema\/person\/image\/"},"sameAs":["http:\/\/www.sdf.sk"]}]}},"_links":{"self":[{"href":"https:\/\/sdf.sk\/cs\/wp-json\/wp\/v2\/pages\/1220","targetHints":{"allow":["GET"]}}],"collection":[{"href":"https:\/\/sdf.sk\/cs\/wp-json\/wp\/v2\/pages"}],"about":[{"href":"https:\/\/sdf.sk\/cs\/wp-json\/wp\/v2\/types\/page"}],"author":[{"embeddable":true,"href":"https:\/\/sdf.sk\/cs\/wp-json\/wp\/v2\/users\/2"}],"replies":[{"embeddable":true,"href":"https:\/\/sdf.sk\/cs\/wp-json\/wp\/v2\/comments?post=1220"}],"version-history":[{"count":1,"href":"https:\/\/sdf.sk\/cs\/wp-json\/wp\/v2\/pages\/1220\/revisions"}],"predecessor-version":[{"id":1221,"href":"https:\/\/sdf.sk\/cs\/wp-json\/wp\/v2\/pages\/1220\/revisions\/1221"}],"wp:attachment":[{"href":"https:\/\/sdf.sk\/cs\/wp-json\/wp\/v2\/media?parent=1220"}],"curies":[{"name":"wp","href":"https:\/\/api.w.org\/{rel}","templated":true}]}}