{"id":1207,"date":"2021-05-01T12:03:07","date_gmt":"2021-05-01T10:03:07","guid":{"rendered":"https:\/\/sdf.sk\/?page_id=1207"},"modified":"2021-05-01T12:25:54","modified_gmt":"2021-05-01T10:25:54","slug":"prihlas-sa","status":"publish","type":"page","link":"https:\/\/sdf.sk\/cs\/prihlas-sa\/","title":{"rendered":"Prihl\u00e1s sa"},"content":{"rendered":"<div class=\"swpm-login-widget-form\">\n    <form id=\"swpm-login-form\" name=\"swpm-login-form\" method=\"post\" action=\"\" data-trp-original-action=\"\">\n        <div class=\"swpm-login-form-inner\">\n            <div class=\"swpm-username-label\">\n                <label for=\"swpm_user_name\" class=\"swpm-label\">U\u017eivatelsk\u00e9 jm\u00e9no nebo e-mail<\/label>\n            <\/div>\n            <div class=\"swpm-username-input\">\n                <input type=\"text\" class=\"swpm-text-field swpm-username-field\" id=\"swpm_user_name\" value=\"\" size=\"25\" name=\"swpm_user_name\" \/>\n            <\/div>\n            <div class=\"swpm-password-label\">\n                <label for=\"swpm_password\" class=\"swpm-label\">Heslo<\/label>\n            <\/div>\n            <div class=\"swpm-password-input\">                \n                <input type=\"password\" class=\"swpm-text-field swpm-password-field\" id=\"swpm_password\" value=\"\" size=\"25\" name=\"swpm_password\" \/>                \n            <\/div>\n                        <div class=\"swpm-remember-me\">\n                <span class=\"swpm-remember-checkbox\"><input type=\"checkbox\" name=\"rememberme\" id=\"swpm-rememberme\"><\/span>\n                <label for=\"swpm-rememberme\" class=\"swpm-rememberme-label\">\n                    <span class=\"swpm-rember-label\"> Zapamatovat si m\u011b<\/span>\n                <\/label>\n            <\/div>\n\n            <div class=\"swpm-before-login-submit-section\"><\/div>\n\n            <div class=\"swpm-login-submit\">\n                <input type=\"submit\" class=\"swpm-login-form-submit\" name=\"swpm-login\" value=\"Log In\"\/>\n            <\/div>\n            <div class=\"swpm-forgot-pass-link\">\n                <a id=\"forgot_pass\" class=\"swpm-login-form-pw-reset-link\"  href=\"https:\/\/sdf.sk\/cs\/membership-login\/password-reset\/\">Zapomenut\u00e9 heslo?<\/a>\n            <\/div>\n            <div class=\"swpm-join-us-link\">\n                <a id=\"register\" class=\"swpm-login-form-register-link\" href=\"https:\/\/sdf.sk\/cs\/membership-join\/\">Vytvo\u0159it \u00fa\u010det<\/a>\n            <\/div>\n            <div class=\"swpm-login-action-msg\">\n                <span class=\"swpm-login-widget-action-msg\"><\/span>\n            <\/div>\n        <\/div>\n    <input type=\"hidden\" name=\"trp-form-language\" value=\"cs\"\/><\/form>\n<\/div>","protected":false},"excerpt":{"rendered":"","protected":false},"author":2,"featured_media":0,"parent":0,"menu_order":0,"comment_status":"closed","ping_status":"closed","template":"template-blank.php","meta":{"footnotes":""},"class_list":["post-1207","page","type-page","status-publish","hentry"],"yoast_head":"<!-- This site is optimized with the Yoast SEO Premium plugin v18.1 (Yoast SEO v22.5) - https:\/\/yoast.com\/wordpress\/plugins\/seo\/ -->\n<title>Prihl\u00e1s sa - Sny Dovolenky Financie<\/title>\n<meta name=\"robots\" content=\"noindex, follow, max-snippet:-1, max-image-preview:large, max-video-preview:-1\" \/>\n<meta property=\"og:locale\" content=\"cs_CZ\" \/>\n<meta property=\"og:type\" content=\"article\" \/>\n<meta property=\"og:title\" content=\"Prihl\u00e1s sa\" \/>\n<meta property=\"og:url\" content=\"https:\/\/sdf.sk\/cs\/prihlas-sa\/\" \/>\n<meta property=\"og:site_name\" content=\"Sny Dovolenky Financie\" \/>\n<meta property=\"article:modified_time\" content=\"2021-05-01T10:25:54+00:00\" \/>\n<meta property=\"og:image\" content=\"https:\/\/sdf.sk\/wp-content\/uploads\/2021\/03\/SDF_FB1.png\" \/>\n\t<meta property=\"og:image:width\" content=\"1500\" \/>\n\t<meta property=\"og:image:height\" content=\"902\" \/>\n\t<meta property=\"og:image:type\" content=\"image\/png\" \/>\n<meta name=\"twitter:card\" content=\"summary_large_image\" \/>\n<meta name=\"twitter:label1\" content=\"Odhadovan\u00e1 doba \u010dten\u00ed\" \/>\n\t<meta name=\"twitter:data1\" content=\"1 minuta\" \/>\n<script type=\"application\/ld+json\" class=\"yoast-schema-graph\">{\"@context\":\"https:\/\/schema.org\",\"@graph\":[{\"@type\":\"WebPage\",\"@id\":\"https:\/\/sdf.sk\/cs\/prihlas-sa\/\",\"url\":\"https:\/\/sdf.sk\/cs\/prihlas-sa\/\",\"name\":\"Prihl\u00e1s sa - Sny Dovolenky Financie\",\"isPartOf\":{\"@id\":\"https:\/\/sdf.sk\/sk\/#website\"},\"datePublished\":\"2021-05-01T10:03:07+00:00\",\"dateModified\":\"2021-05-01T10:25:54+00:00\",\"breadcrumb\":{\"@id\":\"https:\/\/sdf.sk\/cs\/prihlas-sa\/#breadcrumb\"},\"inLanguage\":\"cs\",\"potentialAction\":[{\"@type\":\"ReadAction\",\"target\":[\"https:\/\/sdf.sk\/cs\/prihlas-sa\/\"]}]},{\"@type\":\"BreadcrumbList\",\"@id\":\"https:\/\/sdf.sk\/cs\/prihlas-sa\/#breadcrumb\",\"itemListElement\":[{\"@type\":\"ListItem\",\"position\":1,\"name\":\"Domovsk\u00e1 str\u00e1nka\",\"item\":\"https:\/\/sdf.sk\/\"},{\"@type\":\"ListItem\",\"position\":2,\"name\":\"Prihl\u00e1s sa\"}]},{\"@type\":\"WebSite\",\"@id\":\"https:\/\/sdf.sk\/sk\/#website\",\"url\":\"https:\/\/sdf.sk\/sk\/\",\"name\":\"Sny Dovolenky Financie\",\"description\":\"Napl\u0148 svoje sny o dovolenke a nepla\u0165 ve\u013ea!\",\"publisher\":{\"@id\":\"https:\/\/sdf.sk\/sk\/#\/schema\/person\/52e5f5356a549b363ae1fef473f509bd\"},\"potentialAction\":[{\"@type\":\"SearchAction\",\"target\":{\"@type\":\"EntryPoint\",\"urlTemplate\":\"https:\/\/sdf.sk\/sk\/?s={search_term_string}\"},\"query-input\":\"required name=search_term_string\"}],\"inLanguage\":\"cs\"},{\"@type\":[\"Person\",\"Organization\"],\"@id\":\"https:\/\/sdf.sk\/sk\/#\/schema\/person\/52e5f5356a549b363ae1fef473f509bd\",\"name\":\"BoNco Polo\",\"image\":{\"@type\":\"ImageObject\",\"inLanguage\":\"cs\",\"@id\":\"https:\/\/sdf.sk\/sk\/#\/schema\/person\/image\/\",\"url\":\"https:\/\/sdf.sk\/wp-content\/uploads\/2021\/03\/Autor_300.jpg\",\"contentUrl\":\"https:\/\/sdf.sk\/wp-content\/uploads\/2021\/03\/Autor_300.jpg\",\"width\":300,\"height\":300,\"caption\":\"BoNco Polo\"},\"logo\":{\"@id\":\"https:\/\/sdf.sk\/sk\/#\/schema\/person\/image\/\"},\"sameAs\":[\"http:\/\/www.sdf.sk\"]}]}<\/script>\n<!-- \/ Yoast SEO Premium plugin. -->","yoast_head_json":{"title":"Prihl\u00e1s sa - Sny Dovolenky Financie","robots":{"index":"noindex","follow":"follow","max-snippet":"max-snippet:-1","max-image-preview":"max-image-preview:large","max-video-preview":"max-video-preview:-1"},"og_locale":"cs_CZ","og_type":"article","og_title":"Prihl\u00e1s sa","og_url":"https:\/\/sdf.sk\/cs\/prihlas-sa\/","og_site_name":"Sny Dovolenky Financie","article_modified_time":"2021-05-01T10:25:54+00:00","og_image":[{"width":1500,"height":902,"url":"https:\/\/sdf.sk\/wp-content\/uploads\/2021\/03\/SDF_FB1.png","type":"image\/png"}],"twitter_card":"summary_large_image","twitter_misc":{"Odhadovan\u00e1 doba \u010dten\u00ed":"1 minuta"},"schema":{"@context":"https:\/\/schema.org","@graph":[{"@type":"WebPage","@id":"https:\/\/sdf.sk\/cs\/prihlas-sa\/","url":"https:\/\/sdf.sk\/cs\/prihlas-sa\/","name":"Prihl\u00e1s sa - Sny Dovolenky Financie","isPartOf":{"@id":"https:\/\/sdf.sk\/sk\/#website"},"datePublished":"2021-05-01T10:03:07+00:00","dateModified":"2021-05-01T10:25:54+00:00","breadcrumb":{"@id":"https:\/\/sdf.sk\/cs\/prihlas-sa\/#breadcrumb"},"inLanguage":"cs","potentialAction":[{"@type":"ReadAction","target":["https:\/\/sdf.sk\/cs\/prihlas-sa\/"]}]},{"@type":"BreadcrumbList","@id":"https:\/\/sdf.sk\/cs\/prihlas-sa\/#breadcrumb","itemListElement":[{"@type":"ListItem","position":1,"name":"Domovsk\u00e1 str\u00e1nka","item":"https:\/\/sdf.sk\/"},{"@type":"ListItem","position":2,"name":"Prihl\u00e1s sa"}]},{"@type":"WebSite","@id":"https:\/\/sdf.sk\/sk\/#website","url":"https:\/\/sdf.sk\/sk\/","name":"Sny Dovolenky Financie","description":"Napl\u0148 svoje sny o dovolenke a nepla\u0165 ve\u013ea!","publisher":{"@id":"https:\/\/sdf.sk\/sk\/#\/schema\/person\/52e5f5356a549b363ae1fef473f509bd"},"potentialAction":[{"@type":"SearchAction","target":{"@type":"EntryPoint","urlTemplate":"https:\/\/sdf.sk\/sk\/?s={search_term_string}"},"query-input":"required name=search_term_string"}],"inLanguage":"cs"},{"@type":["Person","Organization"],"@id":"https:\/\/sdf.sk\/sk\/#\/schema\/person\/52e5f5356a549b363ae1fef473f509bd","name":"BoNco Polo","image":{"@type":"ImageObject","inLanguage":"cs","@id":"https:\/\/sdf.sk\/sk\/#\/schema\/person\/image\/","url":"https:\/\/sdf.sk\/wp-content\/uploads\/2021\/03\/Autor_300.jpg","contentUrl":"https:\/\/sdf.sk\/wp-content\/uploads\/2021\/03\/Autor_300.jpg","width":300,"height":300,"caption":"BoNco Polo"},"logo":{"@id":"https:\/\/sdf.sk\/sk\/#\/schema\/person\/image\/"},"sameAs":["http:\/\/www.sdf.sk"]}]}},"_links":{"self":[{"href":"https:\/\/sdf.sk\/cs\/wp-json\/wp\/v2\/pages\/1207","targetHints":{"allow":["GET"]}}],"collection":[{"href":"https:\/\/sdf.sk\/cs\/wp-json\/wp\/v2\/pages"}],"about":[{"href":"https:\/\/sdf.sk\/cs\/wp-json\/wp\/v2\/types\/page"}],"author":[{"embeddable":true,"href":"https:\/\/sdf.sk\/cs\/wp-json\/wp\/v2\/users\/2"}],"replies":[{"embeddable":true,"href":"https:\/\/sdf.sk\/cs\/wp-json\/wp\/v2\/comments?post=1207"}],"version-history":[{"count":2,"href":"https:\/\/sdf.sk\/cs\/wp-json\/wp\/v2\/pages\/1207\/revisions"}],"predecessor-version":[{"id":1215,"href":"https:\/\/sdf.sk\/cs\/wp-json\/wp\/v2\/pages\/1207\/revisions\/1215"}],"wp:attachment":[{"href":"https:\/\/sdf.sk\/cs\/wp-json\/wp\/v2\/media?parent=1207"}],"curies":[{"name":"wp","href":"https:\/\/api.w.org\/{rel}","templated":true}]}}