{"id":1154,"date":"2021-04-29T09:57:28","date_gmt":"2021-04-29T07:57:28","guid":{"rendered":"https:\/\/sdf.sk\/membership-login\/membership-profile\/"},"modified":"2021-04-29T09:57:28","modified_gmt":"2021-04-29T07:57:28","slug":"membership-profile","status":"publish","type":"page","link":"https:\/\/sdf.sk\/cs\/membership-login\/membership-profile\/","title":{"rendered":"Profil"},"content":{"rendered":"<div class=\"swpm_profile_not_logged_in_msg\">Nejste p\u0159ihl\u00e1\u0161eni.<\/div>","protected":false},"excerpt":{"rendered":"<p>Nejste p\u0159ihl\u00e1\u0161eni.<\/p>","protected":false},"author":2,"featured_media":0,"parent":1153,"menu_order":0,"comment_status":"closed","ping_status":"closed","template":"","meta":{"footnotes":""},"class_list":["post-1154","page","type-page","status-publish","hentry"],"yoast_head":"<!-- This site is optimized with the Yoast SEO Premium plugin v18.1 (Yoast SEO v22.5) - https:\/\/yoast.com\/wordpress\/plugins\/seo\/ -->\n<title>Profil - Sny Dovolenky Financie<\/title>\n<meta name=\"robots\" content=\"noindex, follow, max-snippet:-1, max-image-preview:large, max-video-preview:-1\" \/>\n<meta property=\"og:locale\" content=\"cs_CZ\" \/>\n<meta property=\"og:type\" content=\"article\" \/>\n<meta property=\"og:title\" content=\"Profil\" \/>\n<meta property=\"og:description\" content=\"Nejste p\u0159ihl\u00e1\u0161eni.\" \/>\n<meta property=\"og:url\" content=\"https:\/\/sdf.sk\/cs\/membership-login\/membership-profile\/\" \/>\n<meta property=\"og:site_name\" content=\"Sny Dovolenky Financie\" \/>\n<meta property=\"og:image\" content=\"https:\/\/sdf.sk\/wp-content\/uploads\/2021\/03\/SDF_FB1.png\" \/>\n\t<meta property=\"og:image:width\" content=\"1500\" \/>\n\t<meta property=\"og:image:height\" content=\"902\" \/>\n\t<meta property=\"og:image:type\" content=\"image\/png\" \/>\n<meta name=\"twitter:card\" content=\"summary_large_image\" \/>\n<script type=\"application\/ld+json\" class=\"yoast-schema-graph\">{\"@context\":\"https:\/\/schema.org\",\"@graph\":[{\"@type\":\"WebPage\",\"@id\":\"https:\/\/sdf.sk\/cs\/membership-login\/membership-profile\/\",\"url\":\"https:\/\/sdf.sk\/cs\/membership-login\/membership-profile\/\",\"name\":\"Profil - Sny Dovolenky Financie\",\"isPartOf\":{\"@id\":\"https:\/\/sdf.sk\/sk\/#website\"},\"datePublished\":\"2021-04-29T07:57:28+00:00\",\"dateModified\":\"2021-04-29T07:57:28+00:00\",\"breadcrumb\":{\"@id\":\"https:\/\/sdf.sk\/cs\/membership-login\/membership-profile\/#breadcrumb\"},\"inLanguage\":\"cs\",\"potentialAction\":[{\"@type\":\"ReadAction\",\"target\":[\"https:\/\/sdf.sk\/cs\/membership-login\/membership-profile\/\"]}]},{\"@type\":\"BreadcrumbList\",\"@id\":\"https:\/\/sdf.sk\/cs\/membership-login\/membership-profile\/#breadcrumb\",\"itemListElement\":[{\"@type\":\"ListItem\",\"position\":1,\"name\":\"Domovsk\u00e1 str\u00e1nka\",\"item\":\"https:\/\/sdf.sk\/\"},{\"@type\":\"ListItem\",\"position\":2,\"name\":\"Prihl\u00e1senie \u010clena\",\"item\":\"https:\/\/sdf.sk\/cs\/membership-login\/\"},{\"@type\":\"ListItem\",\"position\":3,\"name\":\"Profil\"}]},{\"@type\":\"WebSite\",\"@id\":\"https:\/\/sdf.sk\/sk\/#website\",\"url\":\"https:\/\/sdf.sk\/sk\/\",\"name\":\"Sny Dovolenky Financie\",\"description\":\"Napl\u0148 svoje sny o dovolenke a nepla\u0165 ve\u013ea!\",\"publisher\":{\"@id\":\"https:\/\/sdf.sk\/sk\/#\/schema\/person\/52e5f5356a549b363ae1fef473f509bd\"},\"potentialAction\":[{\"@type\":\"SearchAction\",\"target\":{\"@type\":\"EntryPoint\",\"urlTemplate\":\"https:\/\/sdf.sk\/sk\/?s={search_term_string}\"},\"query-input\":\"required name=search_term_string\"}],\"inLanguage\":\"cs\"},{\"@type\":[\"Person\",\"Organization\"],\"@id\":\"https:\/\/sdf.sk\/sk\/#\/schema\/person\/52e5f5356a549b363ae1fef473f509bd\",\"name\":\"BoNco Polo\",\"image\":{\"@type\":\"ImageObject\",\"inLanguage\":\"cs\",\"@id\":\"https:\/\/sdf.sk\/sk\/#\/schema\/person\/image\/\",\"url\":\"https:\/\/sdf.sk\/wp-content\/uploads\/2021\/03\/Autor_300.jpg\",\"contentUrl\":\"https:\/\/sdf.sk\/wp-content\/uploads\/2021\/03\/Autor_300.jpg\",\"width\":300,\"height\":300,\"caption\":\"BoNco Polo\"},\"logo\":{\"@id\":\"https:\/\/sdf.sk\/sk\/#\/schema\/person\/image\/\"},\"sameAs\":[\"http:\/\/www.sdf.sk\"]}]}<\/script>\n<!-- \/ Yoast SEO Premium plugin. -->","yoast_head_json":{"title":"Profil - Sny Dovolenky Financie","robots":{"index":"noindex","follow":"follow","max-snippet":"max-snippet:-1","max-image-preview":"max-image-preview:large","max-video-preview":"max-video-preview:-1"},"og_locale":"cs_CZ","og_type":"article","og_title":"Profil","og_description":"Nejste p\u0159ihl\u00e1\u0161eni.","og_url":"https:\/\/sdf.sk\/cs\/membership-login\/membership-profile\/","og_site_name":"Sny Dovolenky Financie","og_image":[{"width":1500,"height":902,"url":"https:\/\/sdf.sk\/wp-content\/uploads\/2021\/03\/SDF_FB1.png","type":"image\/png"}],"twitter_card":"summary_large_image","schema":{"@context":"https:\/\/schema.org","@graph":[{"@type":"WebPage","@id":"https:\/\/sdf.sk\/cs\/membership-login\/membership-profile\/","url":"https:\/\/sdf.sk\/cs\/membership-login\/membership-profile\/","name":"Profil - Sny Dovolenky Financie","isPartOf":{"@id":"https:\/\/sdf.sk\/sk\/#website"},"datePublished":"2021-04-29T07:57:28+00:00","dateModified":"2021-04-29T07:57:28+00:00","breadcrumb":{"@id":"https:\/\/sdf.sk\/cs\/membership-login\/membership-profile\/#breadcrumb"},"inLanguage":"cs","potentialAction":[{"@type":"ReadAction","target":["https:\/\/sdf.sk\/cs\/membership-login\/membership-profile\/"]}]},{"@type":"BreadcrumbList","@id":"https:\/\/sdf.sk\/cs\/membership-login\/membership-profile\/#breadcrumb","itemListElement":[{"@type":"ListItem","position":1,"name":"Domovsk\u00e1 str\u00e1nka","item":"https:\/\/sdf.sk\/"},{"@type":"ListItem","position":2,"name":"Prihl\u00e1senie \u010clena","item":"https:\/\/sdf.sk\/cs\/membership-login\/"},{"@type":"ListItem","position":3,"name":"Profil"}]},{"@type":"WebSite","@id":"https:\/\/sdf.sk\/sk\/#website","url":"https:\/\/sdf.sk\/sk\/","name":"Sny Dovolenky Financie","description":"Napl\u0148 svoje sny o dovolenke a nepla\u0165 ve\u013ea!","publisher":{"@id":"https:\/\/sdf.sk\/sk\/#\/schema\/person\/52e5f5356a549b363ae1fef473f509bd"},"potentialAction":[{"@type":"SearchAction","target":{"@type":"EntryPoint","urlTemplate":"https:\/\/sdf.sk\/sk\/?s={search_term_string}"},"query-input":"required name=search_term_string"}],"inLanguage":"cs"},{"@type":["Person","Organization"],"@id":"https:\/\/sdf.sk\/sk\/#\/schema\/person\/52e5f5356a549b363ae1fef473f509bd","name":"BoNco Polo","image":{"@type":"ImageObject","inLanguage":"cs","@id":"https:\/\/sdf.sk\/sk\/#\/schema\/person\/image\/","url":"https:\/\/sdf.sk\/wp-content\/uploads\/2021\/03\/Autor_300.jpg","contentUrl":"https:\/\/sdf.sk\/wp-content\/uploads\/2021\/03\/Autor_300.jpg","width":300,"height":300,"caption":"BoNco Polo"},"logo":{"@id":"https:\/\/sdf.sk\/sk\/#\/schema\/person\/image\/"},"sameAs":["http:\/\/www.sdf.sk"]}]}},"_links":{"self":[{"href":"https:\/\/sdf.sk\/cs\/wp-json\/wp\/v2\/pages\/1154","targetHints":{"allow":["GET"]}}],"collection":[{"href":"https:\/\/sdf.sk\/cs\/wp-json\/wp\/v2\/pages"}],"about":[{"href":"https:\/\/sdf.sk\/cs\/wp-json\/wp\/v2\/types\/page"}],"author":[{"embeddable":true,"href":"https:\/\/sdf.sk\/cs\/wp-json\/wp\/v2\/users\/2"}],"replies":[{"embeddable":true,"href":"https:\/\/sdf.sk\/cs\/wp-json\/wp\/v2\/comments?post=1154"}],"version-history":[{"count":0,"href":"https:\/\/sdf.sk\/cs\/wp-json\/wp\/v2\/pages\/1154\/revisions"}],"up":[{"embeddable":true,"href":"https:\/\/sdf.sk\/cs\/wp-json\/wp\/v2\/pages\/1153"}],"wp:attachment":[{"href":"https:\/\/sdf.sk\/cs\/wp-json\/wp\/v2\/media?parent=1154"}],"curies":[{"name":"wp","href":"https:\/\/api.w.org\/{rel}","templated":true}]}}